{"id":1938,"date":"2025-09-25T06:37:45","date_gmt":"2025-09-25T06:37:45","guid":{"rendered":"https:\/\/koalaplayground.com\/?post_type=product&#038;p=1938"},"modified":"2026-01-10T03:43:22","modified_gmt":"2026-01-09T19:43:22","slug":"kids-role-play-cafe-equipment-for-holistic-playgrounds","status":"publish","type":"product","link":"https:\/\/koalaplayground.com\/es\/kids-role-play-cafe-equipment-for-holistic-playgrounds\/","title":{"rendered":"Juegos de rol para ni\u00f1os + equipamiento de cafeter\u00edas para parques infantiles hol\u00edsticos"},"content":{"rendered":"","protected":false},"excerpt":{"rendered":"<p>Koalaplay Offer Premium Play Caf\u00e9s equipment for Indoor Playground , with free design option and one-stop playground solutions .Elevate your business with our modern, Scandinavian-style indoor play cafe equipment. Custom wood playhouses, sensory sand tables, and safe soft play for toddlers.<\/p>\n<p>Our indoor playgrounds are not just for fun. It is for the <strong>overall physical and mental development of the child<\/strong>. Provide parents with a place for effective social interaction. We sell a variety of role play equipment. Such as kitchens, supermarkets, farms, clinics, etc. Let your children have fun while having professional experience. Koalaplay also provide all the equipment for the coffee area, giving you one-stop shopping. We have a professional design team that focuses on high-quality, durable materials to help your commercial playground get a quick return on your investment<\/p>","protected":false},"featured_media":2840,"comment_status":"open","ping_status":"closed","template":"","meta":[],"product_brand":[],"product_cat":[66],"product_tag":[],"class_list":{"0":"post-1938","1":"product","2":"type-product","3":"status-publish","4":"has-post-thumbnail","6":"product_cat-toddler-and-soft-play-area","8":"first","9":"instock","10":"shipping-taxable","11":"product-type-simple"},"_links":{"self":[{"href":"https:\/\/koalaplayground.com\/es\/wp-json\/wp\/v2\/product\/1938","targetHints":{"allow":["GET"]}}],"collection":[{"href":"https:\/\/koalaplayground.com\/es\/wp-json\/wp\/v2\/product"}],"about":[{"href":"https:\/\/koalaplayground.com\/es\/wp-json\/wp\/v2\/types\/product"}],"replies":[{"embeddable":true,"href":"https:\/\/koalaplayground.com\/es\/wp-json\/wp\/v2\/comments?post=1938"}],"version-history":[{"count":6,"href":"https:\/\/koalaplayground.com\/es\/wp-json\/wp\/v2\/product\/1938\/revisions"}],"predecessor-version":[{"id":3435,"href":"https:\/\/koalaplayground.com\/es\/wp-json\/wp\/v2\/product\/1938\/revisions\/3435"}],"wp:featuredmedia":[{"embeddable":true,"href":"https:\/\/koalaplayground.com\/es\/wp-json\/wp\/v2\/media\/2840"}],"wp:attachment":[{"href":"https:\/\/koalaplayground.com\/es\/wp-json\/wp\/v2\/media?parent=1938"}],"wp:term":[{"taxonomy":"product_brand","embeddable":true,"href":"https:\/\/koalaplayground.com\/es\/wp-json\/wp\/v2\/product_brand?post=1938"},{"taxonomy":"product_cat","embeddable":true,"href":"https:\/\/koalaplayground.com\/es\/wp-json\/wp\/v2\/product_cat?post=1938"},{"taxonomy":"product_tag","embeddable":true,"href":"https:\/\/koalaplayground.com\/es\/wp-json\/wp\/v2\/product_tag?post=1938"}],"curies":[{"name":"wp","href":"https:\/\/api.w.org\/{rel}","templated":true}]}}