{"id":2292,"date":"2025-09-20T06:05:35","date_gmt":"2025-09-20T06:05:35","guid":{"rendered":"https:\/\/koalaplayground.com\/?post_type=product&#038;p=2292"},"modified":"2026-01-09T15:58:50","modified_gmt":"2026-01-09T07:58:50","slug":"contact-me-for-more-interesting-play-park-designs-kl-sp-007","status":"publish","type":"product","link":"https:\/\/koalaplayground.com\/es\/contact-me-for-more-interesting-play-park-designs-kl-sp-007\/","title":{"rendered":"Sal\u00f3n para padres Cafe in Space Playground Design"},"content":{"rendered":"","protected":false},"excerpt":{"rendered":"<p>Este es un parque infantil muy chulo. Est\u00e1 dise\u00f1ado con dos colores principales: naranja y negro. El misterioso tema espacial hace que los ni\u00f1os se sientan como si viajaran por el espacio. Tambi\u00e9n hay una zona de cafeter\u00eda. Toda la zona est\u00e1 muy bien dise\u00f1ada, lo que permite a los padres relajarse sin perder de vista a sus hijos en la zona de juegos.<\/p>\n<p><strong>P\u00f3ngase en contacto conmigo si desea m\u00e1s dise\u00f1os interesantes de parques infantiles.<\/strong><\/p>","protected":false},"featured_media":2293,"comment_status":"open","ping_status":"closed","template":"","meta":[],"product_brand":[],"product_cat":[72],"product_tag":[],"class_list":{"0":"post-2292","1":"product","2":"type-product","3":"status-publish","4":"has-post-thumbnail","6":"product_cat-space-theme","8":"first","9":"instock","10":"shipping-taxable","11":"product-type-simple"},"_links":{"self":[{"href":"https:\/\/koalaplayground.com\/es\/wp-json\/wp\/v2\/product\/2292","targetHints":{"allow":["GET"]}}],"collection":[{"href":"https:\/\/koalaplayground.com\/es\/wp-json\/wp\/v2\/product"}],"about":[{"href":"https:\/\/koalaplayground.com\/es\/wp-json\/wp\/v2\/types\/product"}],"replies":[{"embeddable":true,"href":"https:\/\/koalaplayground.com\/es\/wp-json\/wp\/v2\/comments?post=2292"}],"version-history":[{"count":5,"href":"https:\/\/koalaplayground.com\/es\/wp-json\/wp\/v2\/product\/2292\/revisions"}],"predecessor-version":[{"id":3331,"href":"https:\/\/koalaplayground.com\/es\/wp-json\/wp\/v2\/product\/2292\/revisions\/3331"}],"wp:featuredmedia":[{"embeddable":true,"href":"https:\/\/koalaplayground.com\/es\/wp-json\/wp\/v2\/media\/2293"}],"wp:attachment":[{"href":"https:\/\/koalaplayground.com\/es\/wp-json\/wp\/v2\/media?parent=2292"}],"wp:term":[{"taxonomy":"product_brand","embeddable":true,"href":"https:\/\/koalaplayground.com\/es\/wp-json\/wp\/v2\/product_brand?post=2292"},{"taxonomy":"product_cat","embeddable":true,"href":"https:\/\/koalaplayground.com\/es\/wp-json\/wp\/v2\/product_cat?post=2292"},{"taxonomy":"product_tag","embeddable":true,"href":"https:\/\/koalaplayground.com\/es\/wp-json\/wp\/v2\/product_tag?post=2292"}],"curies":[{"name":"wp","href":"https:\/\/api.w.org\/{rel}","templated":true}]}}